{"id":212,"date":"2021-06-01T12:25:34","date_gmt":"2021-06-01T12:25:34","guid":{"rendered":"http:\/\/www.cemteixonera.com\/?page_id=212"},"modified":"2021-06-02T13:07:54","modified_gmt":"2021-06-02T13:07:54","slug":"rugby","status":"publish","type":"page","link":"http:\/\/www.cemteixonera.com\/index.php\/rugby\/","title":{"rendered":"Rugbi"},"content":{"rendered":"\n<figure class=\"wp-block-image size-large\"><img loading=\"lazy\" decoding=\"async\" width=\"1000\" height=\"700\" src=\"http:\/\/www.cemteixonera.com\/wp-content\/uploads\/2021\/06\/RUGBY-2.jpg\" alt=\"\" class=\"wp-image-86\" srcset=\"http:\/\/www.cemteixonera.com\/wp-content\/uploads\/2021\/06\/RUGBY-2.jpg 1000w, http:\/\/www.cemteixonera.com\/wp-content\/uploads\/2021\/06\/RUGBY-2-300x210.jpg 300w, http:\/\/www.cemteixonera.com\/wp-content\/uploads\/2021\/06\/RUGBY-2-768x538.jpg 768w\" sizes=\"auto, (max-width: 1000px) 100vw, 1000px\" \/><\/figure>\n\n\n\n<p>El <strong>Complex Esportiu Municipal Teixonera<\/strong> \u00e9s la casa del rugbi barcelon\u00ed. Les millores a la gespa dutes a terme el <strong>2020 <\/strong>han convertit el camp en una instal\u00b7laci\u00f3 de primer nivell, perfectament homologada perqu\u00e8 en ella es puguin disputar partits oficials a el m\u00e9s alt nivell. Tot un luxe a Barcelona ciutat. A m\u00e9s de el mantell de gespa artificial, tamb\u00e9 s&#8217;han renovat els vestidors sota la gesti\u00f3 de la Fundaci\u00f3 Marcet.<\/p>\n\n\n\n<p>El camp \u00e9s utilitzat habitualment per les seccions masculines i femenines de rugbi del<strong> <a href=\"https:\/\/www.fcbrugby.com\/\">FC Barcelona<\/a><\/strong>, \u200b\u200bi per la masculina del <strong><a href=\"https:\/\/quimicrugby.com\/\">Qu\u00edmic<\/a><\/strong>. En honor d&#8217;una major inclusi\u00f3, la pol\u00edtica del gestor preveu descomptes a les entitats amb equips femenins, amb l&#8217;objectiu de fomentar la participaci\u00f3 de totes les categories en les activitats esportives.<\/p>\n\n\n\n<figure class=\"wp-block-image size-large\"><img loading=\"lazy\" decoding=\"async\" width=\"1000\" height=\"587\" src=\"http:\/\/www.cemteixonera.com\/wp-content\/uploads\/2021\/06\/Quimic.jpg\" alt=\"\" class=\"wp-image-250\" srcset=\"http:\/\/www.cemteixonera.com\/wp-content\/uploads\/2021\/06\/Quimic.jpg 1000w, http:\/\/www.cemteixonera.com\/wp-content\/uploads\/2021\/06\/Quimic-300x176.jpg 300w, http:\/\/www.cemteixonera.com\/wp-content\/uploads\/2021\/06\/Quimic-768x451.jpg 768w\" sizes=\"auto, (max-width: 1000px) 100vw, 1000px\" \/><\/figure>\n\n\n\n<p>A m\u00e9s dels equips que competeixen en lligues federades, el camp de rugbi tamb\u00e9 \u00e9s utilitzat habitualment per l&#8217;<strong><a href=\"http:\/\/www.ferrantallada.cat\/qui-som\">Institut Ferran Tallada<\/a><\/strong> i la <strong><a href=\"https:\/\/www.fundacionadsis.org\/ca\">Fundaci\u00f3 Adsis<\/a><\/strong>. El primer \u00e9s un centre p\u00fablico d&#8217;educaci\u00f3 secund\u00e0ria del <strong>Consorci d&#8217;Educaci\u00f3 de Barcelona<\/strong>, un projecte esportiu que permet a les alumnes compaginar a els estudis i les seves carreres esportives. La Fundaci\u00f3 Adsis \u00e9s una entitat sense anim de lucre que, des de fa m\u00e9s de 50 anys, treballa per brindar oportunitats a persones que es troben en situacions de vulnerabilidad.<\/p>\n\n\n\n<p><\/p>\n","protected":false},"excerpt":{"rendered":"<p>El Complex Esportiu Municipal Teixonera \u00e9s la casa del rugbi barcelon\u00ed. Les millores a la gespa dutes a terme el 2020 han convertit el camp en una instal\u00b7laci\u00f3 de primer nivell, perfectament homologada perqu\u00e8 en ella es puguin disputar partits oficials a el m\u00e9s alt nivell. Tot un luxe a Barcelona ciutat. A m\u00e9s de &hellip;<\/p>\n<p class=\"read-more\"> <a class=\"\" href=\"http:\/\/www.cemteixonera.com\/index.php\/rugby\/\"> <span class=\"screen-reader-text\">Rugbi<\/span> Leer m\u00e1s &raquo;<\/a><\/p>\n","protected":false},"author":1,"featured_media":0,"parent":0,"menu_order":0,"comment_status":"closed","ping_status":"closed","template":"","meta":{"footnotes":""},"class_list":["post-212","page","type-page","status-publish","hentry"],"_links":{"self":[{"href":"http:\/\/www.cemteixonera.com\/index.php\/wp-json\/wp\/v2\/pages\/212","targetHints":{"allow":["GET"]}}],"collection":[{"href":"http:\/\/www.cemteixonera.com\/index.php\/wp-json\/wp\/v2\/pages"}],"about":[{"href":"http:\/\/www.cemteixonera.com\/index.php\/wp-json\/wp\/v2\/types\/page"}],"author":[{"embeddable":true,"href":"http:\/\/www.cemteixonera.com\/index.php\/wp-json\/wp\/v2\/users\/1"}],"replies":[{"embeddable":true,"href":"http:\/\/www.cemteixonera.com\/index.php\/wp-json\/wp\/v2\/comments?post=212"}],"version-history":[{"count":4,"href":"http:\/\/www.cemteixonera.com\/index.php\/wp-json\/wp\/v2\/pages\/212\/revisions"}],"predecessor-version":[{"id":257,"href":"http:\/\/www.cemteixonera.com\/index.php\/wp-json\/wp\/v2\/pages\/212\/revisions\/257"}],"wp:attachment":[{"href":"http:\/\/www.cemteixonera.com\/index.php\/wp-json\/wp\/v2\/media?parent=212"}],"curies":[{"name":"wp","href":"https:\/\/api.w.org\/{rel}","templated":true}]}}